{"id":1553,"date":"2021-04-19T14:36:05","date_gmt":"2021-04-19T12:36:05","guid":{"rendered":"https:\/\/np-krka-dev.sm-art-design.com\/?page_id=1553"},"modified":"2021-05-31T21:30:09","modified_gmt":"2021-05-31T19:30:09","slug":"javna-ustanova-nacionalni-park-krka","status":"publish","type":"page","link":"https:\/\/nepoznata-krka.eu\/en\/naslovna\/javna-ustanova-nacionalni-park-krka\/","title":{"rendered":"Public Institution \"National Park Krka\""},"content":{"rendered":"<div data-elementor-type=\"wp-page\" data-elementor-id=\"1553\" class=\"elementor elementor-1553\" data-elementor-post-type=\"page\">\n\t\t\t\t\t\t<section class=\"elementor-section elementor-top-section elementor-element elementor-element-87ff06b elementor-section-full_width elementor-section-stretched elementor-section-height-default elementor-section-height-default\" data-id=\"87ff06b\" data-element_type=\"section\" data-settings=\"{&quot;stretch_section&quot;:&quot;section-stretched&quot;,&quot;background_background&quot;:&quot;classic&quot;}\">\n\t\t\t\t\t\t\t<div class=\"elementor-background-overlay\"><\/div>\n\t\t\t\t\t\t\t<div class=\"elementor-container elementor-column-gap-default\">\n\t\t\t\t\t<div class=\"elementor-column elementor-col-100 elementor-top-column elementor-element elementor-element-388b754\" data-id=\"388b754\" data-element_type=\"column\">\n\t\t\t<div class=\"elementor-widget-wrap elementor-element-populated\">\n\t\t\t\t\t\t<section class=\"elementor-section elementor-inner-section elementor-element elementor-element-583309c elementor-section-boxed elementor-section-height-default elementor-section-height-default\" data-id=\"583309c\" data-element_type=\"section\">\n\t\t\t\t\t\t<div class=\"elementor-container elementor-column-gap-default\">\n\t\t\t\t\t<div class=\"elementor-column elementor-col-100 elementor-inner-column elementor-element elementor-element-ecc4cd1\" data-id=\"ecc4cd1\" data-element_type=\"column\">\n\t\t\t<div class=\"elementor-widget-wrap elementor-element-populated\">\n\t\t\t\t\t\t<div class=\"elementor-element elementor-element-d18fc6c elementor-widget elementor-widget-text-editor\" data-id=\"d18fc6c\" data-element_type=\"widget\" data-widget_type=\"text-editor.default\">\n\t\t\t\t<div class=\"elementor-widget-container\">\n\t\t\t\t\t\t\t\t\t<p>Public Institution \"National Park Krka\"<\/p>\t\t\t\t\t\t\t\t<\/div>\n\t\t\t\t<\/div>\n\t\t\t\t\t<\/div>\n\t\t<\/div>\n\t\t\t\t\t<\/div>\n\t\t<\/section>\n\t\t\t\t\t<\/div>\n\t\t<\/div>\n\t\t\t\t\t<\/div>\n\t\t<\/section>\n\t\t\t\t<section class=\"elementor-section elementor-top-section elementor-element elementor-element-5f5e627 elementor-section-boxed elementor-section-height-default elementor-section-height-default\" data-id=\"5f5e627\" data-element_type=\"section\">\n\t\t\t\t\t\t<div class=\"elementor-container elementor-column-gap-default\">\n\t\t\t\t\t<div class=\"elementor-column elementor-col-100 elementor-top-column elementor-element elementor-element-438b939\" data-id=\"438b939\" data-element_type=\"column\">\n\t\t\t<div class=\"elementor-widget-wrap elementor-element-populated\">\n\t\t\t\t\t\t<div class=\"elementor-element elementor-element-ced451a elementor-widget elementor-widget-text-editor\" data-id=\"ced451a\" data-element_type=\"widget\" data-widget_type=\"text-editor.default\">\n\t\t\t\t<div class=\"elementor-widget-container\">\n\t\t\t\t\t\t\t\t\t<p><b>Krka National Park lies within \u0160ibenik-Knin County, and covers a total area of 109 km\u00b2 of the loveliest sections of the Krka River, and the lower course of the \u010cikola River.<\/b><\/p><p>The national park is a vast and primarily unaltered area of exceptional natural value, including one or more preserved or insignificantly altered ecosystems. The purpose of the park is primarily to serve science, culture, education and recreation, while tourism activities have also been introduced for its visitors.<\/p><p>Including the submerged part of the river at the mouth, the Krka River is 72.5 km long, making it the 22nd longest river in Croatia. It springs in the foothills of the Dinara mountain range, 2.5 km northeast of Knin. With its seven waterfalls and a total drop in altitude of 242 m, the Krka is a natural and karst phenomenon. The travertine waterfalls of the Krka River are the fundamental phenomenon of this river.<\/p><p>The need to legally protect the Krka River and its exceptional natural values was already recognized in the mid 20th century. The initiative to proclaim the Krka River a national park was again launched in 1971, with the drafting of a physical plan entitled Krka National Park: physical development plan. On 24 January 1985, the Parliament of the Socialist Republic of Croatia proclaimed the area covering 142 km\u00b2 from the Early Croatian fortresses of Tro\u0161enj and Ne\u010dven to the \u0160ibenik Bridge, including 3.5 km of the course of the \u010cikola River, a national park. Due to four urban centres (Skradin, Bilice, Raslina and Zaton), the construction of the Zagreb\u2013Split motorway and the development of tourism and other economic activities in the area, in 1997 the Croatian Parliament revised the park boundaries by passing the Act on Amendments to the Act on the Proclamation of Krka National Park. The southern border of the park was shifted to upstream from the Skradin Bridge, and the northern part virtually all the way to Knin. The park boundaries stretch for 50 km along the upper and middle course of the Krka River (two kilometres downstream from Knin all the way to Skradin), and the lower course of the \u010cikola River (including the confluence and 3.5 km of the river canyon), in the territory of the towns of Knin, Drni\u0161 and Skradin, the City of \u0160ibenik, and the municipalities of Ervenik, Kistanje and Promina.\u00a0<em>Nacionalni park &#8220;Krka&#8221;: razvojni prostorni plan.\u00a0<\/em>Podru\u010dje od starohrvatskih utvrda Tro\u0161enj i Ne\u010dven do \u0160ibenskog mosta, uklju\u010duju\u0107i i tri i pol kilometra toka rijeke \u010cikole, ukupne povr\u0161ine 142 km\u00b2, Sabor SR Hrvatske 24. sije\u010dnja 1985. proglasio je nacionalnim parkom. Zbog \u010detiriju urbanih mjesta (Skradin, Bilice, Raslina i Zaton), izgradnje autoceste Zagreb \u2013 Split te razvoja turizma i ostalih privrednih djelatnosti na tom podru\u010dju, Sabor Republike Hrvatske Zakonom o izmjenama Zakona o progla\u0161enju Nacionalnog parka \u201cKrka\u201d 1997. godine revidira granice Parka. Ju\u017ena granica Parka pomaknuta je uzvodno do Skradinskog mosta, a sjeverna gotovo do Knina. Granica Nacionalnog parka &#8220;Krka&#8221; prote\u017ee se 50 km uz gornji i srednji tok rijeke Krke (dva kilometra nizvodno od Knina pa do Skradina) i donji tok \u010cikole (obuhva\u0107aju\u0107i u\u0161\u0107e i 3,5 km kanjona rijeke), na prostoru gradova Knina, Drni\u0161a, Skradina i \u0160ibenika i op\u0107ina Ervenika, Kistanja i Promine.<\/p><p><strong>The seat of the Public Institution of Krka National Park is in \u0160ibenik, at Trg Ivana Pavla II 5, with branch offices in Skradin, Drni\u0161 and Knin.<\/strong><\/p><p>Krka National Park is managed by the Public Institute, under the jurisdiction of the Ministry of Environmental and Nature Protection of the Republic of Croatia. The activities of the Institute include protection, preservation and promotion of the national park, for the purpose of protecting and conserving the natural resources, and supervising the implementation of environmental protection measures within the protected area.<\/p><p>The bodies of the Public Institute are the Management Council and Director. The Management Council governs the Institute, while its operations are organised and managed by the Director, who is appointed by the Minister of Environmental and Nature Protection. The Public Institute of Krka National Park is divided into six services and 15 departments that are overseen by the Office of the Director.<\/p>\t\t\t\t\t\t\t\t<\/div>\n\t\t\t\t<\/div>\n\t\t\t\t\t<\/div>\n\t\t<\/div>\n\t\t\t\t\t<\/div>\n\t\t<\/section>\n\t\t\t\t<section class=\"elementor-section elementor-top-section elementor-element elementor-element-a53b5af elementor-section-boxed elementor-section-height-default elementor-section-height-default\" data-id=\"a53b5af\" data-element_type=\"section\">\n\t\t\t\t\t\t<div class=\"elementor-container elementor-column-gap-default\">\n\t\t\t\t\t<div class=\"elementor-column elementor-col-100 elementor-top-column elementor-element elementor-element-dec45c6\" data-id=\"dec45c6\" data-element_type=\"column\">\n\t\t\t<div class=\"elementor-widget-wrap elementor-element-populated\">\n\t\t\t\t\t\t<div class=\"elementor-element elementor-element-db49cf3 elementor-align-center elementor-widget elementor-widget-button\" data-id=\"db49cf3\" data-element_type=\"widget\" data-widget_type=\"button.default\">\n\t\t\t\t<div class=\"elementor-widget-container\">\n\t\t\t\t\t\t\t\t\t<div class=\"elementor-button-wrapper\">\n\t\t\t\t\t<a class=\"elementor-button elementor-button-link elementor-size-md\" href=\"http:\/\/www.np-krka.hr\" target=\"_blank\">\n\t\t\t\t\t\t<span class=\"elementor-button-content-wrapper\">\n\t\t\t\t\t\t<span class=\"elementor-button-icon\">\n\t\t\t\t<i aria-hidden=\"true\" class=\"fas fa-long-arrow-alt-right\"><\/i>\t\t\t<\/span>\n\t\t\t\t\t\t\t\t\t<span class=\"elementor-button-text\">READ MORE<\/span>\n\t\t\t\t\t<\/span>\n\t\t\t\t\t<\/a>\n\t\t\t\t<\/div>\n\t\t\t\t\t\t\t\t<\/div>\n\t\t\t\t<\/div>\n\t\t\t\t\t<\/div>\n\t\t<\/div>\n\t\t\t\t\t<\/div>\n\t\t<\/section>\n\t\t\t\t<\/div>","protected":false},"excerpt":{"rendered":"<p>Javna ustanova &#8220;Nacionalni park Krka&#8221; Nacionalni park &#8220;Krka&#8221; smje\u0161ten je na podru\u010dju \u0160ibensko-kninske \u017eupanije i obuhva\u0107a povr\u0161inu od 109 km\u00b2 najljep\u0161eg toka rijeke Krke i donji tok rijeke \u010cikole. Nacionalni park je prostrano, prete\u017eito neizmijenjeno podru\u010dje iznimnih i vi\u0161estrukih prirodnih vrijednosti, a obuhva\u0107a jedan ili vi\u0161e sa\u010duvanih ili neznatno izmijenjenih ekosustava. Namjena mu je prije [&hellip;]<\/p>","protected":false},"author":1,"featured_media":5293,"parent":1570,"menu_order":0,"comment_status":"closed","ping_status":"closed","template":"elementor_header_footer","meta":{"_acf_changed":false,"footnotes":""},"class_list":["post-1553","page","type-page","status-publish","has-post-thumbnail","hentry","entry","has-media"],"acf":[],"_links":{"self":[{"href":"https:\/\/nepoznata-krka.eu\/en\/wp-json\/wp\/v2\/pages\/1553","targetHints":{"allow":["GET"]}}],"collection":[{"href":"https:\/\/nepoznata-krka.eu\/en\/wp-json\/wp\/v2\/pages"}],"about":[{"href":"https:\/\/nepoznata-krka.eu\/en\/wp-json\/wp\/v2\/types\/page"}],"author":[{"embeddable":true,"href":"https:\/\/nepoznata-krka.eu\/en\/wp-json\/wp\/v2\/users\/1"}],"replies":[{"embeddable":true,"href":"https:\/\/nepoznata-krka.eu\/en\/wp-json\/wp\/v2\/comments?post=1553"}],"version-history":[{"count":0,"href":"https:\/\/nepoznata-krka.eu\/en\/wp-json\/wp\/v2\/pages\/1553\/revisions"}],"up":[{"embeddable":true,"href":"https:\/\/nepoznata-krka.eu\/en\/wp-json\/wp\/v2\/pages\/1570"}],"wp:featuredmedia":[{"embeddable":true,"href":"https:\/\/nepoznata-krka.eu\/en\/wp-json\/wp\/v2\/media\/5293"}],"wp:attachment":[{"href":"https:\/\/nepoznata-krka.eu\/en\/wp-json\/wp\/v2\/media?parent=1553"}],"curies":[{"name":"wp","href":"https:\/\/api.w.org\/{rel}","templated":true}]}}