{"id":36,"date":"2021-03-17T13:51:03","date_gmt":"2021-03-17T12:51:03","guid":{"rendered":"https:\/\/np-krka-1.digital-adviser.eu\/?page_id=36"},"modified":"2021-05-20T00:30:16","modified_gmt":"2021-05-19T22:30:16","slug":"etnografska-bastina","status":"publish","type":"page","link":"https:\/\/nepoznata-krka.eu\/en\/isplaniraj-moj-posjet\/kulturno-povijesna-bastina\/etnografska-bastina\/","title":{"rendered":"Ethnography"},"content":{"rendered":"<div data-elementor-type=\"wp-page\" data-elementor-id=\"36\" class=\"elementor elementor-36\" data-elementor-post-type=\"page\">\n\t\t\t\t\t\t<section class=\"elementor-section elementor-top-section elementor-element elementor-element-61d93c07 elementor-section-content-middle elementor-section-full_width elementor-section-stretched elementor-section-height-default elementor-section-height-default\" data-id=\"61d93c07\" data-element_type=\"section\" data-e-type=\"section\" data-settings=\"{&quot;stretch_section&quot;:&quot;section-stretched&quot;}\">\n\t\t\t\t\t\t<div class=\"elementor-container elementor-column-gap-no\">\n\t\t\t\t\t<div class=\"elementor-column elementor-col-100 elementor-top-column elementor-element elementor-element-69abf1df\" data-id=\"69abf1df\" data-element_type=\"column\" data-e-type=\"column\">\n\t\t\t<div class=\"elementor-widget-wrap elementor-element-populated\">\n\t\t\t\t\t\t<div class=\"elementor-element elementor-element-6c592643 elementor-widget elementor-widget-gallery\" data-id=\"6c592643\" data-element_type=\"widget\" data-e-type=\"widget\" data-settings=\"{&quot;columns&quot;:2,&quot;gap&quot;:{&quot;unit&quot;:&quot;px&quot;,&quot;size&quot;:0,&quot;sizes&quot;:[]},&quot;columns_mobile&quot;:2,&quot;gap_mobile&quot;:{&quot;unit&quot;:&quot;px&quot;,&quot;size&quot;:0,&quot;sizes&quot;:[]},&quot;lazyload&quot;:&quot;yes&quot;,&quot;gallery_layout&quot;:&quot;grid&quot;,&quot;columns_tablet&quot;:2,&quot;gap_tablet&quot;:{&quot;unit&quot;:&quot;px&quot;,&quot;size&quot;:10,&quot;sizes&quot;:[]},&quot;aspect_ratio&quot;:&quot;3:2&quot;,&quot;overlay_background&quot;:&quot;yes&quot;,&quot;content_hover_animation&quot;:&quot;fade-in&quot;}\" data-widget_type=\"gallery.default\">\n\t\t\t\t<div class=\"elementor-widget-container\">\n\t\t\t\t\t\t\t<div class=\"elementor-gallery__container\">\n\t\t\t\t\t\t\t<div class=\"e-gallery-item elementor-gallery-item elementor-animated-content\">\n\t\t\t\t\t<div class=\"e-gallery-image elementor-gallery-item__image\" data-thumbnail=\"https:\/\/nepoznata-krka.eu\/wp-content\/uploads\/2021\/05\/untitled215415-1.jpg\" data-width=\"800\" data-height=\"600\" aria-label=\"etnografska ba\u0161tina krka\" role=\"img\" ><\/div>\n\t\t\t\t\t\t\t\t\t\t\t<div class=\"elementor-gallery-item__overlay\"><\/div>\n\t\t\t\t\t\t\t\t\t\t\t\t\t\t<\/div>\n\t\t\t\t\t\t\t<div class=\"e-gallery-item elementor-gallery-item elementor-animated-content\">\n\t\t\t\t\t<div class=\"e-gallery-image elementor-gallery-item__image\" data-thumbnail=\"https:\/\/nepoznata-krka.eu\/wp-content\/uploads\/2021\/05\/mlinice2155324.jpg\" data-width=\"800\" data-height=\"600\" aria-label=\"etnografska ba\u0161tina krka\" role=\"img\" ><\/div>\n\t\t\t\t\t\t\t\t\t\t\t<div class=\"elementor-gallery-item__overlay\"><\/div>\n\t\t\t\t\t\t\t\t\t\t\t\t\t\t<\/div>\n\t\t\t\t\t<\/div>\n\t\t\t\t\t<\/div>\n\t\t\t\t<\/div>\n\t\t\t\t<section class=\"elementor-section elementor-inner-section elementor-element elementor-element-23f9d269 elementor-section-boxed elementor-section-height-default elementor-section-height-default\" data-id=\"23f9d269\" data-element_type=\"section\" data-e-type=\"section\">\n\t\t\t\t\t\t<div class=\"elementor-container elementor-column-gap-default\">\n\t\t\t\t\t<div class=\"elementor-column elementor-col-100 elementor-inner-column elementor-element elementor-element-21117fbd\" data-id=\"21117fbd\" data-element_type=\"column\" data-e-type=\"column\">\n\t\t\t<div class=\"elementor-widget-wrap elementor-element-populated\">\n\t\t\t\t\t\t<div class=\"elementor-element elementor-element-4ca4433a elementor-widget elementor-widget-heading\" data-id=\"4ca4433a\" data-element_type=\"widget\" data-e-type=\"widget\" data-widget_type=\"heading.default\">\n\t\t\t\t<div class=\"elementor-widget-container\">\n\t\t\t\t\t<h3 class=\"elementor-heading-title elementor-size-default\">Ethnography<\/h3>\t\t\t\t<\/div>\n\t\t\t\t<\/div>\n\t\t\t\t<div class=\"elementor-element elementor-element-2b08ac55 elementor-widget elementor-widget-text-editor\" data-id=\"2b08ac55\" data-element_type=\"widget\" data-e-type=\"widget\" data-widget_type=\"text-editor.default\">\n\t\t\t\t<div class=\"elementor-widget-container\">\n\t\t\t\t\t\t\t\t\t<p><strong>To use the power of water that was so abundant, and to turn it into useful work was the primary goal of the people who settled along the River's banks.<\/strong><\/p>\t\t\t\t\t\t\t\t<\/div>\n\t\t\t\t<\/div>\n\t\t\t\t<div class=\"elementor-element elementor-element-6146ba2a elementor-widget elementor-widget-text-editor\" data-id=\"6146ba2a\" data-element_type=\"widget\" data-e-type=\"widget\" data-widget_type=\"text-editor.default\">\n\t\t\t\t<div class=\"elementor-widget-container\">\n\t\t\t\t\t\t\t\t\t<p>The Krka River is living proof of the use of natural resources to serve the local population, as seen in the many mills that once operated along the river's course, some of which are still standing today. The mills on the Krka River were turned by water, and called water mills, and they belong to the system of pre-Industrial plants. These mills were of exceptional importance to the live of the population throughout Dalmatia, in the Middle Ages and later, and as such were the cause of many a conflict. Not only were they important for life, they also earned great revenues.<\/p><p>Even though they often changed owners, they virtually remained the same, without any new technological innovations. Though they no longer have any economic significance for the local population, today they are a first rate tourist attraction. The mills at Skradinski buk and Ro\u0161ki slap, present the old ku\u017eina (kitchen), mill with complete mill inventory, the miller's room, the weaver's loom, kova\u010dija and \u0161tala (carriage room and stables).<\/p>\t\t\t\t\t\t\t\t<\/div>\n\t\t\t\t<\/div>\n\t\t\t\t\t<\/div>\n\t\t<\/div>\n\t\t\t\t\t<\/div>\n\t\t<\/section>\n\t\t\t\t\t<\/div>\n\t\t<\/div>\n\t\t\t\t\t<\/div>\n\t\t<\/section>\n\t\t\t\t<section class=\"elementor-section elementor-top-section elementor-element elementor-element-125caf26 elementor-section-stretched elementor-section-boxed elementor-section-height-default elementor-section-height-default\" data-id=\"125caf26\" data-element_type=\"section\" data-e-type=\"section\" data-settings=\"{&quot;background_background&quot;:&quot;classic&quot;,&quot;stretch_section&quot;:&quot;section-stretched&quot;}\">\n\t\t\t\t\t\t<div class=\"elementor-container elementor-column-gap-default\">\n\t\t\t\t\t<div class=\"elementor-column elementor-col-100 elementor-top-column elementor-element elementor-element-7fa64606\" data-id=\"7fa64606\" data-element_type=\"column\" data-e-type=\"column\">\n\t\t\t<div class=\"elementor-widget-wrap elementor-element-populated\">\n\t\t\t\t\t\t<div class=\"elementor-element elementor-element-707620c9 elementor-widget elementor-widget-heading\" data-id=\"707620c9\" data-element_type=\"widget\" data-e-type=\"widget\" data-widget_type=\"heading.default\">\n\t\t\t\t<div class=\"elementor-widget-container\">\n\t\t\t\t\t<h3 class=\"elementor-heading-title elementor-size-default\"><a href=\"http:\/\/np-krka.hr\/stranice\/vodenice-(mlinice)\/106.html\" target=\"_blank\">Water mills<\/a><\/h3>\t\t\t\t<\/div>\n\t\t\t\t<\/div>\n\t\t\t\t<div class=\"elementor-element elementor-element-7fd2a976 elementor-widget elementor-widget-gallery\" data-id=\"7fd2a976\" data-element_type=\"widget\" data-e-type=\"widget\" data-settings=\"{&quot;columns&quot;:3,&quot;gap&quot;:{&quot;unit&quot;:&quot;px&quot;,&quot;size&quot;:15,&quot;sizes&quot;:[]},&quot;columns_mobile&quot;:3,&quot;columns_tablet&quot;:3,&quot;lazyload&quot;:&quot;yes&quot;,&quot;gallery_layout&quot;:&quot;grid&quot;,&quot;gap_tablet&quot;:{&quot;unit&quot;:&quot;px&quot;,&quot;size&quot;:10,&quot;sizes&quot;:[]},&quot;gap_mobile&quot;:{&quot;unit&quot;:&quot;px&quot;,&quot;size&quot;:10,&quot;sizes&quot;:[]},&quot;link_to&quot;:&quot;file&quot;,&quot;aspect_ratio&quot;:&quot;3:2&quot;,&quot;overlay_background&quot;:&quot;yes&quot;,&quot;content_hover_animation&quot;:&quot;fade-in&quot;}\" data-widget_type=\"gallery.default\">\n\t\t\t\t<div class=\"elementor-widget-container\">\n\t\t\t\t\t\t\t<div class=\"elementor-gallery__container\">\n\t\t\t\t\t\t\t<a class=\"e-gallery-item elementor-gallery-item elementor-animated-content\" href=\"https:\/\/nepoznata-krka.eu\/wp-content\/uploads\/2021\/05\/mlinice2155324-1.jpg\" data-elementor-open-lightbox=\"yes\" data-elementor-lightbox-slideshow=\"7fd2a976\" data-elementor-lightbox-title=\"vodenice np krka\" data-elementor-lightbox-description=\"vodenice np krka\" data-e-action-hash=\"#elementor-action%3Aaction%3Dlightbox%26settings%3DeyJpZCI6MjUzMywidXJsIjoiaHR0cHM6XC9cL25lcG96bmF0YS1rcmthLmV1XC93cC1jb250ZW50XC91cGxvYWRzXC8yMDIxXC8wNVwvbWxpbmljZTIxNTUzMjQtMS5qcGciLCJzbGlkZXNob3ciOiI3ZmQyYTk3NiJ9\">\n\t\t\t\t\t<div class=\"e-gallery-image elementor-gallery-item__image\" data-thumbnail=\"https:\/\/nepoznata-krka.eu\/wp-content\/uploads\/2021\/05\/mlinice2155324-1.jpg\" data-width=\"800\" data-height=\"600\" aria-label=\"vodenice np krka\" role=\"img\" ><\/div>\n\t\t\t\t\t\t\t\t\t\t\t<div class=\"elementor-gallery-item__overlay\"><\/div>\n\t\t\t\t\t\t\t\t\t\t\t\t\t\t<\/a>\n\t\t\t\t\t\t\t<a class=\"e-gallery-item elementor-gallery-item elementor-animated-content\" href=\"https:\/\/nepoznata-krka.eu\/wp-content\/uploads\/2021\/05\/skradinskibuk6.jpg\" data-elementor-open-lightbox=\"yes\" data-elementor-lightbox-slideshow=\"7fd2a976\" data-elementor-lightbox-title=\"vodenice np krka\" data-elementor-lightbox-description=\"vodenice np krka\" data-e-action-hash=\"#elementor-action%3Aaction%3Dlightbox%26settings%3DeyJpZCI6MjU0MCwidXJsIjoiaHR0cHM6XC9cL25lcG96bmF0YS1rcmthLmV1XC93cC1jb250ZW50XC91cGxvYWRzXC8yMDIxXC8wNVwvc2tyYWRpbnNraWJ1azYuanBnIiwic2xpZGVzaG93IjoiN2ZkMmE5NzYifQ%3D%3D\">\n\t\t\t\t\t<div class=\"e-gallery-image elementor-gallery-item__image\" data-thumbnail=\"https:\/\/nepoznata-krka.eu\/wp-content\/uploads\/2021\/05\/skradinskibuk6.jpg\" data-width=\"960\" data-height=\"1280\" aria-label=\"vodenice np krka\" role=\"img\" ><\/div>\n\t\t\t\t\t\t\t\t\t\t\t<div class=\"elementor-gallery-item__overlay\"><\/div>\n\t\t\t\t\t\t\t\t\t\t\t\t\t\t<\/a>\n\t\t\t\t\t\t\t<a class=\"e-gallery-item elementor-gallery-item elementor-animated-content\" href=\"https:\/\/nepoznata-krka.eu\/wp-content\/uploads\/2021\/05\/rokislap44.jpg\" data-elementor-open-lightbox=\"yes\" data-elementor-lightbox-slideshow=\"7fd2a976\" data-elementor-lightbox-title=\"vodenice np krka\" data-elementor-lightbox-description=\"vodenice np krka\" data-e-action-hash=\"#elementor-action%3Aaction%3Dlightbox%26settings%3DeyJpZCI6MjUzNiwidXJsIjoiaHR0cHM6XC9cL25lcG96bmF0YS1rcmthLmV1XC93cC1jb250ZW50XC91cGxvYWRzXC8yMDIxXC8wNVwvcm9raXNsYXA0NC5qcGciLCJzbGlkZXNob3ciOiI3ZmQyYTk3NiJ9\">\n\t\t\t\t\t<div class=\"e-gallery-image elementor-gallery-item__image\" data-thumbnail=\"https:\/\/nepoznata-krka.eu\/wp-content\/uploads\/2021\/05\/rokislap44.jpg\" data-width=\"1296\" data-height=\"864\" aria-label=\"vodenice np krka\" role=\"img\" ><\/div>\n\t\t\t\t\t\t\t\t\t\t\t<div class=\"elementor-gallery-item__overlay\"><\/div>\n\t\t\t\t\t\t\t\t\t\t\t\t\t\t<\/a>\n\t\t\t\t\t\t\t<a class=\"e-gallery-item elementor-gallery-item elementor-animated-content\" href=\"https:\/\/nepoznata-krka.eu\/wp-content\/uploads\/2021\/05\/mlinsupjez2153555.jpg\" data-elementor-open-lightbox=\"yes\" data-elementor-lightbox-slideshow=\"7fd2a976\" data-elementor-lightbox-title=\"vodenice np krka\" data-elementor-lightbox-description=\"vodenice np krka\" data-e-action-hash=\"#elementor-action%3Aaction%3Dlightbox%26settings%3DeyJpZCI6MjUzNCwidXJsIjoiaHR0cHM6XC9cL25lcG96bmF0YS1rcmthLmV1XC93cC1jb250ZW50XC91cGxvYWRzXC8yMDIxXC8wNVwvbWxpbnN1cGplejIxNTM1NTUuanBnIiwic2xpZGVzaG93IjoiN2ZkMmE5NzYifQ%3D%3D\">\n\t\t\t\t\t<div class=\"e-gallery-image elementor-gallery-item__image\" data-thumbnail=\"https:\/\/nepoznata-krka.eu\/wp-content\/uploads\/2021\/05\/mlinsupjez2153555.jpg\" data-width=\"800\" data-height=\"600\" aria-label=\"vodenice np krka\" role=\"img\" ><\/div>\n\t\t\t\t\t\t\t\t\t\t\t<div class=\"elementor-gallery-item__overlay\"><\/div>\n\t\t\t\t\t\t\t\t\t\t\t\t\t\t<\/a>\n\t\t\t\t\t\t\t<a class=\"e-gallery-item elementor-gallery-item elementor-animated-content\" href=\"https:\/\/nepoznata-krka.eu\/wp-content\/uploads\/2021\/05\/rsmlin315362.jpg\" data-elementor-open-lightbox=\"yes\" data-elementor-lightbox-slideshow=\"7fd2a976\" data-elementor-lightbox-title=\"vodenice np krka\" data-elementor-lightbox-description=\"vodenice np krka\" data-e-action-hash=\"#elementor-action%3Aaction%3Dlightbox%26settings%3DeyJpZCI6MjUzOCwidXJsIjoiaHR0cHM6XC9cL25lcG96bmF0YS1rcmthLmV1XC93cC1jb250ZW50XC91cGxvYWRzXC8yMDIxXC8wNVwvcnNtbGluMzE1MzYyLmpwZyIsInNsaWRlc2hvdyI6IjdmZDJhOTc2In0%3D\">\n\t\t\t\t\t<div class=\"e-gallery-image elementor-gallery-item__image\" data-thumbnail=\"https:\/\/nepoznata-krka.eu\/wp-content\/uploads\/2021\/05\/rsmlin315362.jpg\" data-width=\"800\" data-height=\"600\" aria-label=\"vodenice np krka\" role=\"img\" ><\/div>\n\t\t\t\t\t\t\t\t\t\t\t<div class=\"elementor-gallery-item__overlay\"><\/div>\n\t\t\t\t\t\t\t\t\t\t\t\t\t\t<\/a>\n\t\t\t\t\t\t\t<a class=\"e-gallery-item elementor-gallery-item elementor-animated-content\" href=\"https:\/\/nepoznata-krka.eu\/wp-content\/uploads\/2021\/05\/untitled215518.jpg\" data-elementor-open-lightbox=\"yes\" data-elementor-lightbox-slideshow=\"7fd2a976\" data-elementor-lightbox-title=\"vodenice np krka\" data-elementor-lightbox-description=\"vodenice np krka\" data-e-action-hash=\"#elementor-action%3Aaction%3Dlightbox%26settings%3DeyJpZCI6MjU0MSwidXJsIjoiaHR0cHM6XC9cL25lcG96bmF0YS1rcmthLmV1XC93cC1jb250ZW50XC91cGxvYWRzXC8yMDIxXC8wNVwvdW50aXRsZWQyMTU1MTguanBnIiwic2xpZGVzaG93IjoiN2ZkMmE5NzYifQ%3D%3D\">\n\t\t\t\t\t<div class=\"e-gallery-image elementor-gallery-item__image\" data-thumbnail=\"https:\/\/nepoznata-krka.eu\/wp-content\/uploads\/2021\/05\/untitled215518.jpg\" data-width=\"800\" data-height=\"600\" aria-label=\"vodenice np krka\" role=\"img\" ><\/div>\n\t\t\t\t\t\t\t\t\t\t\t<div class=\"elementor-gallery-item__overlay\"><\/div>\n\t\t\t\t\t\t\t\t\t\t\t\t\t\t<\/a>\n\t\t\t\t\t<\/div>\n\t\t\t\t\t<\/div>\n\t\t\t\t<\/div>\n\t\t\t\t<section class=\"elementor-section elementor-inner-section elementor-element elementor-element-7a4d9a70 elementor-section-boxed elementor-section-height-default elementor-section-height-default\" data-id=\"7a4d9a70\" data-element_type=\"section\" data-e-type=\"section\">\n\t\t\t\t\t\t<div class=\"elementor-container elementor-column-gap-default\">\n\t\t\t\t\t<div class=\"elementor-column elementor-col-100 elementor-inner-column elementor-element elementor-element-50e2c47\" data-id=\"50e2c47\" data-element_type=\"column\" data-e-type=\"column\">\n\t\t\t<div class=\"elementor-widget-wrap elementor-element-populated\">\n\t\t\t\t\t\t<div class=\"elementor-element elementor-element-2a542914 elementor-widget elementor-widget-text-editor\" data-id=\"2a542914\" data-element_type=\"widget\" data-e-type=\"widget\" data-widget_type=\"text-editor.default\">\n\t\t\t\t<div class=\"elementor-widget-container\">\n\t\t\t\t\t\t\t\t\t<p><strong>The water mills on the Krka River belong to the system of pre-Industrial plants. They bear witness to the traditional way of life and earning a living that was in place until the early 20th century, with the continuity of the heritage from earlier historic period.<\/strong><\/p><p>The best preserved, and now restored watermills are at Skradinski buk. These are an important monument of the economic past of \u0160ibenik and the \u0160ibenik region, and in the past were one of the main economic drivers of the city. They were first mentioned in a document from 1215, in which King Bela III demarcated the dividing line between \u0160ibenik and Trogir. During the 14th and 15th centuries, the water mills on the Krka River were important for the entire Adriatic coast, as wheat was milled here for numerous towns, from Dubrovnik to Istria.<\/p><p>The existing water mills at Skradinski buk were predominantly built at the same place as older mills, destroyed during the Battle of Cypress and the Cretan War. They typically have rural stylistic characteristics, making it more difficult to date the structures. According to historical records, they can be dated to around the time of the end of the Turkish threat, at the turn of the 18th century. The walls of the mills were built with stone and travertine, with mortar made of a combination of limestone and sand or clay. The roof and inner construction was made of wood, and the roofing was most often stone slabs. The construction of the water mills follows the configuration of the land, and rock faces and caves were also used. Today, access to the mills is on paths made of irregular rocks.<\/p><p>The largest preserved structure is the Gornja ku\u0107a or Upper House at Skradinski buk, with a water mill, kitchen upstairs, the miller's flat and the stales. On the ground floor are six restored mills, i.e. milling wheels, which functioned as crushers. The grindstone functioned by grinding and cutting the material between two mill stones, one of which turned (each having a coarse surface with rough edges). Next to the water mill, the dike for collecting water and six supply canals to the milling wheels have been preserved. The extension of the mill, in the middle of a cave, is the column where homemade cloth and blankets were completed. A strong stream of water would hit the top of the beam and turn two strong wooden hammers, which would pound the cloth to soften it. The column also contains washing holes in which various cloth products were washed and softened.<\/p>\t\t\t\t\t\t\t\t<\/div>\n\t\t\t\t<\/div>\n\t\t\t\t\t<\/div>\n\t\t<\/div>\n\t\t\t\t\t<\/div>\n\t\t<\/section>\n\t\t\t\t\t<\/div>\n\t\t<\/div>\n\t\t\t\t\t<\/div>\n\t\t<\/section>\n\t\t\t\t<section class=\"elementor-section elementor-top-section elementor-element elementor-element-2f071dca elementor-section-stretched elementor-section-boxed elementor-section-height-default elementor-section-height-default\" data-id=\"2f071dca\" data-element_type=\"section\" data-e-type=\"section\" data-settings=\"{&quot;stretch_section&quot;:&quot;section-stretched&quot;,&quot;background_background&quot;:&quot;classic&quot;}\">\n\t\t\t\t\t\t\t<div class=\"elementor-background-overlay\"><\/div>\n\t\t\t\t\t\t\t<div class=\"elementor-container elementor-column-gap-default\">\n\t\t\t\t\t<div class=\"elementor-column elementor-col-25 elementor-top-column elementor-element elementor-element-73416a07\" data-id=\"73416a07\" data-element_type=\"column\" data-e-type=\"column\" data-settings=\"{&quot;background_background&quot;:&quot;classic&quot;}\">\n\t\t\t<div class=\"elementor-widget-wrap elementor-element-populated\">\n\t\t\t\t\t\t<div class=\"elementor-element elementor-element-36b98048 elementor-align-justify elementor-widget elementor-widget-button\" data-id=\"36b98048\" data-element_type=\"widget\" data-e-type=\"widget\" data-widget_type=\"button.default\">\n\t\t\t\t<div class=\"elementor-widget-container\">\n\t\t\t\t\t\t\t\t\t<div class=\"elementor-button-wrapper\">\n\t\t\t\t\t<a class=\"elementor-button elementor-button-link elementor-size-sm\" href=\"#\">\n\t\t\t\t\t\t<span class=\"elementor-button-content-wrapper\">\n\t\t\t\t\t\t\t\t\t<span class=\"elementor-button-text\">Multimedia<\/span>\n\t\t\t\t\t<\/span>\n\t\t\t\t\t<\/a>\n\t\t\t\t<\/div>\n\t\t\t\t\t\t\t\t<\/div>\n\t\t\t\t<\/div>\n\t\t\t\t\t<\/div>\n\t\t<\/div>\n\t\t\t\t<div class=\"elementor-column elementor-col-25 elementor-top-column elementor-element elementor-element-374d2840\" data-id=\"374d2840\" data-element_type=\"column\" data-e-type=\"column\" data-settings=\"{&quot;background_background&quot;:&quot;classic&quot;}\">\n\t\t\t<div class=\"elementor-widget-wrap elementor-element-populated\">\n\t\t\t\t\t\t<div class=\"elementor-element elementor-element-5183000c elementor-align-left elementor-mobile-align-center elementor-widget elementor-widget-button\" data-id=\"5183000c\" data-element_type=\"widget\" data-e-type=\"widget\" data-widget_type=\"button.default\">\n\t\t\t\t<div class=\"elementor-widget-container\">\n\t\t\t\t\t\t\t\t\t<div class=\"elementor-button-wrapper\">\n\t\t\t\t\t<a class=\"elementor-button elementor-button-link elementor-size-sm\" href=\"https:\/\/nepoznata-krka.eu\/en\/isplaniraj-moj-posjet\/\">\n\t\t\t\t\t\t<span class=\"elementor-button-content-wrapper\">\n\t\t\t\t\t\t<span class=\"elementor-button-icon\">\n\t\t\t\t<i aria-hidden=\"true\" class=\"fas fa-route\"><\/i>\t\t\t<\/span>\n\t\t\t\t\t\t\t\t\t<span class=\"elementor-button-text\">Plan your visit<\/span>\n\t\t\t\t\t<\/span>\n\t\t\t\t\t<\/a>\n\t\t\t\t<\/div>\n\t\t\t\t\t\t\t\t<\/div>\n\t\t\t\t<\/div>\n\t\t\t\t\t<\/div>\n\t\t<\/div>\n\t\t\t\t<div class=\"elementor-column elementor-col-25 elementor-top-column elementor-element elementor-element-3391c54e\" data-id=\"3391c54e\" data-element_type=\"column\" data-e-type=\"column\" data-settings=\"{&quot;background_background&quot;:&quot;classic&quot;}\">\n\t\t\t<div class=\"elementor-widget-wrap elementor-element-populated\">\n\t\t\t\t\t\t<div class=\"elementor-element elementor-element-1330d9bc elementor-align-left elementor-mobile-align-center elementor-widget elementor-widget-button\" data-id=\"1330d9bc\" data-element_type=\"widget\" data-e-type=\"widget\" data-widget_type=\"button.default\">\n\t\t\t\t<div class=\"elementor-widget-container\">\n\t\t\t\t\t\t\t\t\t<div class=\"elementor-button-wrapper\">\n\t\t\t\t\t<a class=\"elementor-button elementor-button-link elementor-size-sm\" href=\"https:\/\/nepoznata-krka.eu\/en\/fotogalerija\/\">\n\t\t\t\t\t\t<span class=\"elementor-button-content-wrapper\">\n\t\t\t\t\t\t<span class=\"elementor-button-icon\">\n\t\t\t\t<i aria-hidden=\"true\" class=\"fas fa-camera-retro\"><\/i>\t\t\t<\/span>\n\t\t\t\t\t\t\t\t\t<span class=\"elementor-button-text\">Multimedia<\/span>\n\t\t\t\t\t<\/span>\n\t\t\t\t\t<\/a>\n\t\t\t\t<\/div>\n\t\t\t\t\t\t\t\t<\/div>\n\t\t\t\t<\/div>\n\t\t\t\t\t<\/div>\n\t\t<\/div>\n\t\t\t\t<div class=\"elementor-column elementor-col-25 elementor-top-column elementor-element elementor-element-3568153e\" data-id=\"3568153e\" data-element_type=\"column\" data-e-type=\"column\" data-settings=\"{&quot;background_background&quot;:&quot;classic&quot;}\">\n\t\t\t<div class=\"elementor-widget-wrap elementor-element-populated\">\n\t\t\t\t\t\t<div class=\"elementor-element elementor-element-6a84901f elementor-align-left elementor-mobile-align-center elementor-widget elementor-widget-button\" data-id=\"6a84901f\" data-element_type=\"widget\" data-e-type=\"widget\" data-widget_type=\"button.default\">\n\t\t\t\t<div class=\"elementor-widget-container\">\n\t\t\t\t\t\t\t\t\t<div class=\"elementor-button-wrapper\">\n\t\t\t\t\t<a class=\"elementor-button elementor-button-link elementor-size-sm\" href=\"https:\/\/nepoznata-krka.eu\/en\/isplaniraj-moj-posjet\/karte-i-brosure\/\">\n\t\t\t\t\t\t<span class=\"elementor-button-content-wrapper\">\n\t\t\t\t\t\t<span class=\"elementor-button-icon\">\n\t\t\t\t<i aria-hidden=\"true\" class=\"fab fa-readme\"><\/i>\t\t\t<\/span>\n\t\t\t\t\t\t\t\t\t<span class=\"elementor-button-text\">Brochures<\/span>\n\t\t\t\t\t<\/span>\n\t\t\t\t\t<\/a>\n\t\t\t\t<\/div>\n\t\t\t\t\t\t\t\t<\/div>\n\t\t\t\t<\/div>\n\t\t\t\t\t<\/div>\n\t\t<\/div>\n\t\t\t\t\t<\/div>\n\t\t<\/section>\n\t\t\t\t<section class=\"elementor-section elementor-top-section elementor-element elementor-element-1115e35d elementor-section-boxed elementor-section-height-default elementor-section-height-default\" data-id=\"1115e35d\" data-element_type=\"section\" data-e-type=\"section\">\n\t\t\t\t\t\t<div class=\"elementor-container elementor-column-gap-default\">\n\t\t\t\t\t<div class=\"elementor-column elementor-col-100 elementor-top-column elementor-element elementor-element-6fb877d7\" data-id=\"6fb877d7\" data-element_type=\"column\" data-e-type=\"column\">\n\t\t\t<div class=\"elementor-widget-wrap elementor-element-populated\">\n\t\t\t\t\t\t<div class=\"elementor-element elementor-element-cd264a3 elementor-widget elementor-widget-shortcode\" data-id=\"cd264a3\" data-element_type=\"widget\" data-e-type=\"widget\" data-widget_type=\"shortcode.default\">\n\t\t\t\t<div class=\"elementor-widget-container\">\n\t\t\t\t\t\t\t<div class=\"elementor-shortcode\"><iframe data-src=\"https:\/\/www.google.com\/maps\/d\/embed?mid=1akuuxfbdUOsFWJHOOOrabpty99Xn5eeK\" width=\"640\" height=\"580\" src=\"data:image\/svg+xml;base64,PHN2ZyB3aWR0aD0iMSIgaGVpZ2h0PSIxIiB4bWxucz0iaHR0cDovL3d3dy53My5vcmcvMjAwMC9zdmciPjwvc3ZnPg==\" class=\"lazyload\" data-load-mode=\"1\"><\/iframe><\/div>\n\t\t\t\t\t\t<\/div>\n\t\t\t\t<\/div>\n\t\t\t\t\t<\/div>\n\t\t<\/div>\n\t\t\t\t\t<\/div>\n\t\t<\/section>\n\t\t\t\t<\/div>","protected":false},"excerpt":{"rendered":"<p>Etnografska ba\u0161tina Iskoristiti snagu vode, koje je bilo u izobilju, i pretvoriti je u koristan rad bio je primarni cilj \u010dovjeka koji se nastanio na obalama rijeke ili u njenoj neposrednoj blizini. Rijeka Krka \u017eivu\u0107i je dokaz kori\u0161tenja prirodnih vrijednosti za potrebe lokalnog stanovni\u0161tva, a o tome svjedo\u010de brojni mlinovi koji su postojali i jo\u0161 [&hellip;]<\/p>\n","protected":false},"author":1,"featured_media":2529,"parent":4376,"menu_order":0,"comment_status":"closed","ping_status":"closed","template":"","meta":{"_acf_changed":false,"footnotes":""},"class_list":["post-36","page","type-page","status-publish","has-post-thumbnail","hentry","entry","has-media"],"acf":[],"_links":{"self":[{"href":"https:\/\/nepoznata-krka.eu\/en\/wp-json\/wp\/v2\/pages\/36","targetHints":{"allow":["GET"]}}],"collection":[{"href":"https:\/\/nepoznata-krka.eu\/en\/wp-json\/wp\/v2\/pages"}],"about":[{"href":"https:\/\/nepoznata-krka.eu\/en\/wp-json\/wp\/v2\/types\/page"}],"author":[{"embeddable":true,"href":"https:\/\/nepoznata-krka.eu\/en\/wp-json\/wp\/v2\/users\/1"}],"replies":[{"embeddable":true,"href":"https:\/\/nepoznata-krka.eu\/en\/wp-json\/wp\/v2\/comments?post=36"}],"version-history":[{"count":0,"href":"https:\/\/nepoznata-krka.eu\/en\/wp-json\/wp\/v2\/pages\/36\/revisions"}],"up":[{"embeddable":true,"href":"https:\/\/nepoznata-krka.eu\/en\/wp-json\/wp\/v2\/pages\/4376"}],"wp:featuredmedia":[{"embeddable":true,"href":"https:\/\/nepoznata-krka.eu\/en\/wp-json\/wp\/v2\/media\/2529"}],"wp:attachment":[{"href":"https:\/\/nepoznata-krka.eu\/en\/wp-json\/wp\/v2\/media?parent=36"}],"curies":[{"name":"wp","href":"https:\/\/api.w.org\/{rel}","templated":true}]}}