{"id":6985,"date":"2022-06-23T08:30:03","date_gmt":"2022-06-23T06:30:03","guid":{"rendered":"https:\/\/nepoznata-krka.eu\/?page_id=6985"},"modified":"2023-05-04T14:46:55","modified_gmt":"2023-05-04T12:46:55","slug":"volontiraj","status":"publish","type":"page","link":"https:\/\/nepoznata-krka.eu\/en\/volontiraj\/","title":{"rendered":"Volunteer 2022."},"content":{"rendered":"<div data-elementor-type=\"wp-page\" data-elementor-id=\"6985\" class=\"elementor elementor-6985\" data-elementor-post-type=\"page\">\n\t\t\t\t\t\t<section class=\"elementor-section elementor-top-section elementor-element elementor-element-4999a565 elementor-section-content-middle elementor-section-full_width elementor-section-stretched elementor-section-height-default elementor-section-height-default\" data-id=\"4999a565\" data-element_type=\"section\" data-settings=\"{&quot;stretch_section&quot;:&quot;section-stretched&quot;}\">\n\t\t\t\t\t\t<div class=\"elementor-container elementor-column-gap-no\">\n\t\t\t\t\t<div class=\"elementor-column elementor-col-100 elementor-top-column elementor-element elementor-element-179888ee\" data-id=\"179888ee\" data-element_type=\"column\">\n\t\t\t<div class=\"elementor-widget-wrap elementor-element-populated\">\n\t\t\t\t\t\t<div class=\"elementor-element elementor-element-64553ca6 elementor-widget elementor-widget-gallery\" data-id=\"64553ca6\" data-element_type=\"widget\" data-settings=\"{&quot;columns&quot;:2,&quot;gap&quot;:{&quot;unit&quot;:&quot;px&quot;,&quot;size&quot;:0,&quot;sizes&quot;:[]},&quot;columns_mobile&quot;:2,&quot;gap_mobile&quot;:{&quot;unit&quot;:&quot;px&quot;,&quot;size&quot;:0,&quot;sizes&quot;:[]},&quot;lazyload&quot;:&quot;yes&quot;,&quot;gallery_layout&quot;:&quot;grid&quot;,&quot;columns_tablet&quot;:2,&quot;gap_tablet&quot;:{&quot;unit&quot;:&quot;px&quot;,&quot;size&quot;:10,&quot;sizes&quot;:[]},&quot;aspect_ratio&quot;:&quot;3:2&quot;,&quot;overlay_background&quot;:&quot;yes&quot;,&quot;content_hover_animation&quot;:&quot;fade-in&quot;}\" data-widget_type=\"gallery.default\">\n\t\t\t\t<div class=\"elementor-widget-container\">\n\t\t\t\t\t\t\t<div class=\"elementor-gallery__container\">\n\t\t\t\t\t\t\t<div class=\"e-gallery-item elementor-gallery-item elementor-animated-content\">\n\t\t\t\t\t<div class=\"e-gallery-image elementor-gallery-item__image\" data-thumbnail=\"https:\/\/nepoznata-krka.eu\/wp-content\/uploads\/2022\/06\/20180716113526.jpg\" data-width=\"1008\" data-height=\"756\" aria-label=\"\" role=\"img\" ><\/div>\n\t\t\t\t\t\t\t\t\t\t\t<div class=\"elementor-gallery-item__overlay\"><\/div>\n\t\t\t\t\t\t\t\t\t\t\t\t\t\t<\/div>\n\t\t\t\t\t\t\t<div class=\"e-gallery-item elementor-gallery-item elementor-animated-content\">\n\t\t\t\t\t<div class=\"e-gallery-image elementor-gallery-item__image\" data-thumbnail=\"https:\/\/nepoznata-krka.eu\/wp-content\/uploads\/2022\/06\/dsc0021.jpg\" data-width=\"1920\" data-height=\"1280\" aria-label=\"\" role=\"img\" ><\/div>\n\t\t\t\t\t\t\t\t\t\t\t<div class=\"elementor-gallery-item__overlay\"><\/div>\n\t\t\t\t\t\t\t\t\t\t\t\t\t\t<\/div>\n\t\t\t\t\t<\/div>\n\t\t\t\t\t<\/div>\n\t\t\t\t<\/div>\n\t\t\t\t<section class=\"elementor-section elementor-inner-section elementor-element elementor-element-3ac3c8ee elementor-section-boxed elementor-section-height-default elementor-section-height-default\" data-id=\"3ac3c8ee\" data-element_type=\"section\">\n\t\t\t\t\t\t<div class=\"elementor-container elementor-column-gap-default\">\n\t\t\t\t\t<div class=\"elementor-column elementor-col-100 elementor-inner-column elementor-element elementor-element-7a506950\" data-id=\"7a506950\" data-element_type=\"column\">\n\t\t\t<div class=\"elementor-widget-wrap elementor-element-populated\">\n\t\t\t\t\t\t<div class=\"elementor-element elementor-element-5f9dffa5 elementor-widget elementor-widget-heading\" data-id=\"5f9dffa5\" data-element_type=\"widget\" data-widget_type=\"heading.default\">\n\t\t\t\t<div class=\"elementor-widget-container\">\n\t\t\t\t\t<h3 class=\"elementor-heading-title elementor-size-default\">Volunteer programmes in 2022 <\/h3>\t\t\t\t<\/div>\n\t\t\t\t<\/div>\n\t\t\t\t<div class=\"elementor-element elementor-element-73d68eca elementor-widget elementor-widget-text-editor\" data-id=\"73d68eca\" data-element_type=\"widget\" data-widget_type=\"text-editor.default\">\n\t\t\t\t<div class=\"elementor-widget-container\">\n\t\t\t\t\t\t\t\t\t<p><strong>Volunteer programmes in 2022<\/strong><\/p><p>The volunteer programme is a step forward in the valorisation of the Krka Eco Campus at Puljane, where the Public Institute of Krka National Park has developed a significant educational and reception complex to facilitate the development of volunteer activities in the Park, and advance nature conservation by enabling interesting individuals to get involved in the activities in protected areas.\u00a0<\/p><p>Four volunteer programmes have been offered:<\/p><p><a href=\"https:\/\/nepoznata-krka.eu\/wp-content\/uploads\/2022\/06\/1.-Market-researcher.docx.pdf\" target=\"_blank\" rel=\"noopener\"><u>Market researcher<\/u><\/a> \u2013 surveying visitors and using the collected information to improve communications, offer better quality content and ensure better conservation of nature in Krka National Park.<\/p><p><a href=\"https:\/\/nepoznata-krka.eu\/wp-content\/uploads\/2022\/06\/3.-Krka-riverbank-cleaner-waste-collector.pdf\" target=\"_blank\" rel=\"noopener\"><u>Krka riverbank cleaner<\/u><\/a> \u2013 collection and analysis of waste washed up along the banks of the Krka and \u010cikola River within the boundaries of Krka National Park, and establishing the causes and consequences of waste disposed of in the environment, and presenting results with the aim of raising awareness of the local population and influencing their attitudes towards nature.<\/p><p><a href=\"https:\/\/nepoznata-krka.eu\/wp-content\/uploads\/2022\/06\/4.-Archaeological-Associate.docx.pdf\" target=\"_blank\" rel=\"noopener\"><u>Archaeological associate<\/u><\/a> \u2013 learning more about the history and culture of the area, gaining experience in the use of non-destructive archaeological research methods at ancient archaeological sites, and participating in the ongoing multi-year process of researching the Roman Burnum military camp.<\/p><p><a href=\"https:\/\/nepoznata-krka.eu\/wp-content\/uploads\/2022\/06\/2.-Educational-creative-assistant.docx.pdf\" target=\"_blank\" rel=\"noopener\"><u>Educational-creative assistant is the<\/u><\/a> \u2013 improve scientific and ecological literacy and develop empathy towards nature and its protection through the teaching principles of respecting the local area.<\/p><p>The volunteer programmes at Krka National Park are implemented in accordance with the Act on Volunteering, the Volunteer Code of Ethics, and the Ordinance on work with volunteers as part of the project \u201cUnknown Krka \u2013 Hidden treasures of the upper and middle course of the Krka River\u201d within the Operational Programme Competitiveness and Cohesion 2014\u20132020.<\/p><p><a href=\"https:\/\/forms.gle\/crkYECvKno8GzmK49\"><strong>Sign up<\/strong><\/a> and actively get to know Krka National Park!<\/p>\t\t\t\t\t\t\t\t<\/div>\n\t\t\t\t<\/div>\n\t\t\t\t\t<\/div>\n\t\t<\/div>\n\t\t\t\t\t<\/div>\n\t\t<\/section>\n\t\t\t\t\t<\/div>\n\t\t<\/div>\n\t\t\t\t\t<\/div>\n\t\t<\/section>\n\t\t\t\t<\/div>","protected":false},"excerpt":{"rendered":"<p>Program volonterstva u 2022.g. Volonterski programi u 2022. Program volontiranja iskorak je u valorizaciji Eko kampusa \u201eKrka\u201c u Puljanima, u kojemu je Javna ustanova \u201eNacionalni park Krka\u201c razvila zna\u010dajan edukativno-prihvatni kompleks, koji \u0107e olak\u0161ati razvoj volonterske djelatnosti na podru\u010dju Parka i za\u0161tite prirode op\u0107enito omogu\u0107uju\u0107i zainteresiranim pojedincima uklju\u010divanje u aktivnosti u za\u0161ti\u0107enom podru\u010dju.&nbsp; Ponu\u0111ena su [&hellip;]<\/p>","protected":false},"author":6,"featured_media":0,"parent":0,"menu_order":0,"comment_status":"closed","ping_status":"closed","template":"","meta":{"_acf_changed":false,"footnotes":""},"class_list":["post-6985","page","type-page","status-publish","hentry","entry"],"acf":[],"_links":{"self":[{"href":"https:\/\/nepoznata-krka.eu\/en\/wp-json\/wp\/v2\/pages\/6985","targetHints":{"allow":["GET"]}}],"collection":[{"href":"https:\/\/nepoznata-krka.eu\/en\/wp-json\/wp\/v2\/pages"}],"about":[{"href":"https:\/\/nepoznata-krka.eu\/en\/wp-json\/wp\/v2\/types\/page"}],"author":[{"embeddable":true,"href":"https:\/\/nepoznata-krka.eu\/en\/wp-json\/wp\/v2\/users\/6"}],"replies":[{"embeddable":true,"href":"https:\/\/nepoznata-krka.eu\/en\/wp-json\/wp\/v2\/comments?post=6985"}],"version-history":[{"count":35,"href":"https:\/\/nepoznata-krka.eu\/en\/wp-json\/wp\/v2\/pages\/6985\/revisions"}],"predecessor-version":[{"id":7864,"href":"https:\/\/nepoznata-krka.eu\/en\/wp-json\/wp\/v2\/pages\/6985\/revisions\/7864"}],"wp:attachment":[{"href":"https:\/\/nepoznata-krka.eu\/en\/wp-json\/wp\/v2\/media?parent=6985"}],"curies":[{"name":"wp","href":"https:\/\/api.w.org\/{rel}","templated":true}]}}