{"id":7865,"date":"2023-05-04T23:28:21","date_gmt":"2023-05-04T21:28:21","guid":{"rendered":"https:\/\/nepoznata-krka.eu\/?page_id=7865"},"modified":"2023-07-12T13:26:00","modified_gmt":"2023-07-12T11:26:00","slug":"volontiraj-2023","status":"publish","type":"page","link":"https:\/\/nepoznata-krka.eu\/en\/volontiraj-2023\/","title":{"rendered":"Volontiraj\u00a02023"},"content":{"rendered":"<div data-elementor-type=\"wp-page\" data-elementor-id=\"7865\" class=\"elementor elementor-7865\" data-elementor-post-type=\"page\">\n\t\t\t\t\t\t<section class=\"elementor-section elementor-top-section elementor-element elementor-element-5e72a6c elementor-section-content-middle elementor-section-full_width elementor-section-stretched elementor-section-height-default elementor-section-height-default\" data-id=\"5e72a6c\" data-element_type=\"section\" data-e-type=\"section\" data-settings=\"{&quot;stretch_section&quot;:&quot;section-stretched&quot;}\">\n\t\t\t\t\t\t<div class=\"elementor-container elementor-column-gap-no\">\n\t\t\t\t\t<div class=\"elementor-column elementor-col-100 elementor-top-column elementor-element elementor-element-b97b77e\" data-id=\"b97b77e\" data-element_type=\"column\" data-e-type=\"column\">\n\t\t\t<div class=\"elementor-widget-wrap elementor-element-populated\">\n\t\t\t\t\t\t<div class=\"elementor-element elementor-element-d28f926 elementor-widget elementor-widget-gallery\" data-id=\"d28f926\" data-element_type=\"widget\" data-e-type=\"widget\" data-settings=\"{&quot;columns&quot;:2,&quot;gap&quot;:{&quot;unit&quot;:&quot;px&quot;,&quot;size&quot;:0,&quot;sizes&quot;:[]},&quot;columns_mobile&quot;:2,&quot;gap_mobile&quot;:{&quot;unit&quot;:&quot;px&quot;,&quot;size&quot;:0,&quot;sizes&quot;:[]},&quot;lazyload&quot;:&quot;yes&quot;,&quot;gallery_layout&quot;:&quot;grid&quot;,&quot;columns_tablet&quot;:2,&quot;gap_tablet&quot;:{&quot;unit&quot;:&quot;px&quot;,&quot;size&quot;:10,&quot;sizes&quot;:[]},&quot;aspect_ratio&quot;:&quot;3:2&quot;,&quot;overlay_background&quot;:&quot;yes&quot;,&quot;content_hover_animation&quot;:&quot;fade-in&quot;}\" data-widget_type=\"gallery.default\">\n\t\t\t\t<div class=\"elementor-widget-container\">\n\t\t\t\t\t\t\t<div class=\"elementor-gallery__container\">\n\t\t\t\t\t\t\t<div class=\"e-gallery-item elementor-gallery-item elementor-animated-content\">\n\t\t\t\t\t<div class=\"e-gallery-image elementor-gallery-item__image\" data-thumbnail=\"https:\/\/nepoznata-krka.eu\/wp-content\/uploads\/2022\/06\/20180716113526.jpg\" data-width=\"1008\" data-height=\"756\" aria-label=\"\" role=\"img\" ><\/div>\n\t\t\t\t\t\t\t\t\t\t\t<div class=\"elementor-gallery-item__overlay\"><\/div>\n\t\t\t\t\t\t\t\t\t\t\t\t\t\t<\/div>\n\t\t\t\t\t\t\t<div class=\"e-gallery-item elementor-gallery-item elementor-animated-content\">\n\t\t\t\t\t<div class=\"e-gallery-image elementor-gallery-item__image\" data-thumbnail=\"https:\/\/nepoznata-krka.eu\/wp-content\/uploads\/2022\/06\/dsc0021.jpg\" data-width=\"1920\" data-height=\"1280\" aria-label=\"\" role=\"img\" ><\/div>\n\t\t\t\t\t\t\t\t\t\t\t<div class=\"elementor-gallery-item__overlay\"><\/div>\n\t\t\t\t\t\t\t\t\t\t\t\t\t\t<\/div>\n\t\t\t\t\t<\/div>\n\t\t\t\t\t<\/div>\n\t\t\t\t<\/div>\n\t\t\t\t<section class=\"elementor-section elementor-inner-section elementor-element elementor-element-6bcb700 elementor-section-boxed elementor-section-height-default elementor-section-height-default\" data-id=\"6bcb700\" data-element_type=\"section\" data-e-type=\"section\">\n\t\t\t\t\t\t<div class=\"elementor-container elementor-column-gap-default\">\n\t\t\t\t\t<div class=\"elementor-column elementor-col-100 elementor-inner-column elementor-element elementor-element-ff7bf48\" data-id=\"ff7bf48\" data-element_type=\"column\" data-e-type=\"column\">\n\t\t\t<div class=\"elementor-widget-wrap elementor-element-populated\">\n\t\t\t\t\t\t<div class=\"elementor-element elementor-element-d5d0608 elementor-widget elementor-widget-heading\" data-id=\"d5d0608\" data-element_type=\"widget\" data-e-type=\"widget\" data-widget_type=\"heading.default\">\n\t\t\t\t<div class=\"elementor-widget-container\">\n\t\t\t\t\t<h3 class=\"elementor-heading-title elementor-size-default\">Program volonterstva u 2023.g. <\/h3>\t\t\t\t<\/div>\n\t\t\t\t<\/div>\n\t\t\t\t<div class=\"elementor-element elementor-element-4f8272c elementor-widget elementor-widget-text-editor\" data-id=\"4f8272c\" data-element_type=\"widget\" data-e-type=\"widget\" data-widget_type=\"text-editor.default\">\n\t\t\t\t<div class=\"elementor-widget-container\">\n\t\t\t\t\t\t\t\t\t<p><strong>Why volunteer in the Krka National Park?<\/strong><\/p><p>The volunteering program at the Krka National Park encourages the development of fundamental values, such as the protection of nature and the environment, solidarity, tolerance, and community spirit, while at the same time the volunteers can enjoy both natural beauty and socializing.<\/p><p>Volunteer programs organized by the Public Institution \u201cKrka National Park\u201d are carried out at the Krka Eco Campus in Puljane, a modern interpretational-educational and volunteer center. Volunteers acquire new skills and knowledge through various activities, systematic education, and work with the professional staff of the Park.<\/p><p>Volunteering can be organized as a one-day activity, or it can continue for several days (up to 10).<\/p><p>While the volunteer program is taking place, the volunteers are provided with hostel accommodation, food, and transportation at the Krka Eco Campus, with entertainment programs organized during their free time: social games, competitions, team building.\u00a0<em>team building<\/em>.<\/p><p>After completing the program, volunteers receive a certificate of volunteering, which lists all the activities and education they experienced during their stay. If you are interested in volunteering, please click on the application form below:\u00a0<\/p><p><a href=\"https:\/\/forms.gle\/6zzUC6uExuak4frS8\">PRIJAVNICA ZA VOLONTIRANJE<\/a><\/p>\t\t\t\t\t\t\t\t<\/div>\n\t\t\t\t<\/div>\n\t\t\t\t<div class=\"elementor-element elementor-element-cf5fed0 elementor-widget elementor-widget-text-editor\" data-id=\"cf5fed0\" data-element_type=\"widget\" data-e-type=\"widget\" data-widget_type=\"text-editor.default\">\n\t\t\t\t<div class=\"elementor-widget-container\">\n\t\t\t\t\t\t\t\t\t<p><strong>Prvi volonterski program koji \u0107e se u 2023. odr\u017eati u Nacionalnom parku \u201eKrka\u201c jest Krkin \u010duvar stani\u0161ta u sklopu projekta LIFE CONTRA Ailanthus, u kojemu je JU \u201eNP Krka\u201c partner, a financiran je kroz Program LIFE. <\/strong><\/p><p>Cilj volonterskog programa \u201e\u010cuvar stani\u0161ta autohtonih vrsta\u201c je uklanjanje pajasena, invazivne vrste koja prijeti autohtonim vrstama na podru\u010dju NP \u201eKrka\u201c, i osvje\u0161tavanje lokalnog stanovni\u0161tva s ciljem mijenjanja njegova pona\u0161anja i odnosa prema prirodi.<\/p><p>Kako bi se o\u010duvala stani\u0161ta i autohtone biljne vrste i sprije\u010dilo \u0161irenje pajasena, invazivne strane vrste, Javna ustanova \u201eNacionalni park Krka\u201c kao partner sudjeluje u projektu uspostavljanja kontrole nad njegovim stablom. Za suzbijanje pajasena u NP \u201eKrka\u201c odabrano je osam lokaliteta. U sklopu projekta anga\u017eirane su \u010detiri grupe vanjskih stru\u010dnjaka za obavljanje posla izrade alternativnog protokola uklanjanja invazivne vrste pajasena (<em>Ailanthus altissima<\/em>). U sklopu terenskih aktivnosti, stru\u010dnjaci \u0107e prikupiti i analizirati podatke i procijeniti utjecaj projekta na razli\u010dita stani\u0161ta, opra\u0161iva\u010de i bioraznolikost tla, a ove godine pridru\u017eit \u0107e im se i volonteri.<\/p><p>Volonterski program traje deset dana u periodu od 1. do 10. rujna 2023. Volonterske aktivnosti obavljat \u0107e se na odabranim plohama u NP \u201eKrka\u201c\u00a0 i gradu Skradinu, na kojima su prethodno uklanjana velika stabla pajasena. Smje\u0161taj je osiguran u volonterskom centru u Eko kampusu \u201eKrka\u201c u Puljanima.<\/p><p>Ako volite boraviti u prirodi te \u017eelite upoznati prirodne vrijednosti i kulturnopovijesne znamenitosti na podru\u010dju NP \u201eKrka\u201c, ste\u0107i nove spoznaje o sustavu za\u0161tite prirode i pomo\u0107i u o\u010duvanju bioraznolikosti Parka, prijavite se za volontiranje u NP \u201eKrka\u201c i postanite Krkin \u010duvar stani\u0161ta.<\/p><p><a href=\"https:\/\/forms.gle\/6zzUC6uExuak4frS8\">PRIJAVNICA ZA VOLONTIRANJE<\/a><\/p>\t\t\t\t\t\t\t\t<\/div>\n\t\t\t\t<\/div>\n\t\t\t\t\t<\/div>\n\t\t<\/div>\n\t\t\t\t\t<\/div>\n\t\t<\/section>\n\t\t\t\t\t<\/div>\n\t\t<\/div>\n\t\t\t\t\t<\/div>\n\t\t<\/section>\n\t\t\t\t<\/div>","protected":false},"excerpt":{"rendered":"<p>Program volonterstva u 2023.g. Za\u0161to volontirati u Nacionalnom parku \u201eKrka\u201c? Kroz program volontiranja u Nacionalnom parku \u201eKrka\u201c poti\u010de se razvoj temeljnih vrijednosti kao \u0161to su za\u0161tita prirode i okoli\u0161a, solidarnost, tolerancija i zajedni\u0161tvo, a ujedno se u\u017eiva u prirodnim ljepotama i me\u0111usobnom dru\u017eenju. Volonterski programi koje organizira Javna ustanova \u201eNacionalni park Krka\u201c provode se u [&hellip;]<\/p>\n","protected":false},"author":1,"featured_media":0,"parent":0,"menu_order":0,"comment_status":"closed","ping_status":"closed","template":"","meta":{"_acf_changed":false,"footnotes":""},"class_list":["post-7865","page","type-page","status-publish","hentry","entry"],"acf":[],"_links":{"self":[{"href":"https:\/\/nepoznata-krka.eu\/en\/wp-json\/wp\/v2\/pages\/7865","targetHints":{"allow":["GET"]}}],"collection":[{"href":"https:\/\/nepoznata-krka.eu\/en\/wp-json\/wp\/v2\/pages"}],"about":[{"href":"https:\/\/nepoznata-krka.eu\/en\/wp-json\/wp\/v2\/types\/page"}],"author":[{"embeddable":true,"href":"https:\/\/nepoznata-krka.eu\/en\/wp-json\/wp\/v2\/users\/1"}],"replies":[{"embeddable":true,"href":"https:\/\/nepoznata-krka.eu\/en\/wp-json\/wp\/v2\/comments?post=7865"}],"version-history":[{"count":20,"href":"https:\/\/nepoznata-krka.eu\/en\/wp-json\/wp\/v2\/pages\/7865\/revisions"}],"predecessor-version":[{"id":7966,"href":"https:\/\/nepoznata-krka.eu\/en\/wp-json\/wp\/v2\/pages\/7865\/revisions\/7966"}],"wp:attachment":[{"href":"https:\/\/nepoznata-krka.eu\/en\/wp-json\/wp\/v2\/media?parent=7865"}],"curies":[{"name":"wp","href":"https:\/\/api.w.org\/{rel}","templated":true}]}}