{"id":8202,"date":"2024-07-10T23:51:48","date_gmt":"2024-07-10T21:51:48","guid":{"rendered":"https:\/\/nepoznata-krka.eu\/?page_id=8202"},"modified":"2024-07-11T10:15:13","modified_gmt":"2024-07-11T08:15:13","slug":"volontiraj-2024","status":"publish","type":"page","link":"https:\/\/nepoznata-krka.eu\/en\/volontiraj-2024\/","title":{"rendered":"Volontiraj 2024"},"content":{"rendered":"<div data-elementor-type=\"wp-page\" data-elementor-id=\"8202\" class=\"elementor elementor-8202\" data-elementor-post-type=\"page\">\n\t\t\t\t\t\t<section class=\"elementor-section elementor-top-section elementor-element elementor-element-8266712 elementor-section-content-middle elementor-section-full_width elementor-section-stretched elementor-section-height-default elementor-section-height-default\" data-id=\"8266712\" data-element_type=\"section\" data-e-type=\"section\" data-settings=\"{&quot;stretch_section&quot;:&quot;section-stretched&quot;}\">\n\t\t\t\t\t\t<div class=\"elementor-container elementor-column-gap-no\">\n\t\t\t\t\t<div class=\"elementor-column elementor-col-100 elementor-top-column elementor-element elementor-element-bbd73d3\" data-id=\"bbd73d3\" data-element_type=\"column\" data-e-type=\"column\">\n\t\t\t<div class=\"elementor-widget-wrap elementor-element-populated\">\n\t\t\t\t\t\t<div class=\"elementor-element elementor-element-55efd4d elementor-widget elementor-widget-gallery\" data-id=\"55efd4d\" data-element_type=\"widget\" data-e-type=\"widget\" data-settings=\"{&quot;columns&quot;:2,&quot;gap&quot;:{&quot;unit&quot;:&quot;px&quot;,&quot;size&quot;:0,&quot;sizes&quot;:[]},&quot;columns_mobile&quot;:2,&quot;gap_mobile&quot;:{&quot;unit&quot;:&quot;px&quot;,&quot;size&quot;:0,&quot;sizes&quot;:[]},&quot;lazyload&quot;:&quot;yes&quot;,&quot;gallery_layout&quot;:&quot;grid&quot;,&quot;columns_tablet&quot;:2,&quot;gap_tablet&quot;:{&quot;unit&quot;:&quot;px&quot;,&quot;size&quot;:10,&quot;sizes&quot;:[]},&quot;aspect_ratio&quot;:&quot;3:2&quot;,&quot;overlay_background&quot;:&quot;yes&quot;,&quot;content_hover_animation&quot;:&quot;fade-in&quot;}\" data-widget_type=\"gallery.default\">\n\t\t\t\t<div class=\"elementor-widget-container\">\n\t\t\t\t\t\t\t<div class=\"elementor-gallery__container\">\n\t\t\t\t\t\t\t<div class=\"e-gallery-item elementor-gallery-item elementor-animated-content\">\n\t\t\t\t\t<div class=\"e-gallery-image elementor-gallery-item__image\" data-thumbnail=\"https:\/\/nepoznata-krka.eu\/wp-content\/uploads\/2024\/07\/Poziv-za-volontiranje_FB2_Cuvar-stanista_2024-2.png\" data-width=\"1880\" data-height=\"1576\" aria-label=\"\" role=\"img\" ><\/div>\n\t\t\t\t\t\t\t\t\t\t\t<div class=\"elementor-gallery-item__overlay\"><\/div>\n\t\t\t\t\t\t\t\t\t\t\t\t\t\t<\/div>\n\t\t\t\t\t\t\t<div class=\"e-gallery-item elementor-gallery-item elementor-animated-content\">\n\t\t\t\t\t<div class=\"e-gallery-image elementor-gallery-item__image\" data-thumbnail=\"https:\/\/nepoznata-krka.eu\/wp-content\/uploads\/2024\/07\/volonteri-pajasen-5-2.jpg\" data-width=\"2048\" data-height=\"1536\" aria-label=\"\" role=\"img\" ><\/div>\n\t\t\t\t\t\t\t\t\t\t\t<div class=\"elementor-gallery-item__overlay\"><\/div>\n\t\t\t\t\t\t\t\t\t\t\t\t\t\t<\/div>\n\t\t\t\t\t<\/div>\n\t\t\t\t\t<\/div>\n\t\t\t\t<\/div>\n\t\t\t\t<section class=\"elementor-section elementor-inner-section elementor-element elementor-element-d3ebda7 elementor-section-boxed elementor-section-height-default elementor-section-height-default\" data-id=\"d3ebda7\" data-element_type=\"section\" data-e-type=\"section\">\n\t\t\t\t\t\t<div class=\"elementor-container elementor-column-gap-default\">\n\t\t\t\t\t<div class=\"elementor-column elementor-col-100 elementor-inner-column elementor-element elementor-element-04c0530\" data-id=\"04c0530\" data-element_type=\"column\" data-e-type=\"column\">\n\t\t\t<div class=\"elementor-widget-wrap elementor-element-populated\">\n\t\t\t\t\t\t<div class=\"elementor-element elementor-element-c8d5883 elementor-widget elementor-widget-heading\" data-id=\"c8d5883\" data-element_type=\"widget\" data-e-type=\"widget\" data-widget_type=\"heading.default\">\n\t\t\t\t<div class=\"elementor-widget-container\">\n\t\t\t\t\t<h3 class=\"elementor-heading-title elementor-size-default\">Program volonterstva u 2024.g. <\/h3>\t\t\t\t<\/div>\n\t\t\t\t<\/div>\n\t\t\t\t<div class=\"elementor-element elementor-element-defde15 elementor-widget elementor-widget-text-editor\" data-id=\"defde15\" data-element_type=\"widget\" data-e-type=\"widget\" data-widget_type=\"text-editor.default\">\n\t\t\t\t<div class=\"elementor-widget-container\">\n\t\t\t\t\t\t\t\t\t<p>\u00a0<\/p><p><strong>Volonterski program \u010cuvar stani\u0161ta otvoren je za prijave. <\/strong><\/p><p><strong>Prijavi se na volonterski program u NP \u201eKrka\u201c od 2. do 11. rujna 2024. i postani Krkin \u010duvar stani\u0161ta<\/strong><\/p><p>Cilj volonterskog programa \u201e\u010cuvar stani\u0161ta autohtonih vrsta\u201c je uklanjanje pajasena, invazivne vrste koja prijeti autohtonim vrstama na podru\u010dju NP \u201eKrka\u201c, i osvje\u0161tavanje lokalnog stanovni\u0161tva s ciljem mijenjanja njegova pona\u0161anja i odnosa prema prirodi.<\/p><p>Volonterski program odvijat \u0107e se\u00a0<strong>od 2. do 11. rujna 2024.<\/strong>, pet do sedam sati dnevno. Volonterske aktivnosti obavljat \u0107e se na odabranim plohama u NP \u201eKrka\u201c\u00a0 i gradu Skradinu, na kojima su prethodno uklanjana velika stabla pajasena i njihovi izbojci. Smje\u0161taj i hrana su osigurani u volonterskom centru u Eko kampusu \u201eKrka\u201c u Puljanima.<\/p><p>Kako bi se o\u010duvala stani\u0161ta i autohtone biljne vrste i sprije\u010dilo \u0161irenje pajasena, invazivne strane vrste, Javna ustanova \u201eNacionalni park Krka\u201c kao partner sudjeluje u projektu uspostavljanja kontrole nad njegovim stablom. Za suzbijanje pajasena u NP \u201eKrka\u201c odabrano je osam lokaliteta. U sklopu projekta anga\u017eirane su \u010detiri grupe vanjskih stru\u010dnjaka za obavljanje posla izrade alternativnog protokola uklanjanja invazivne vrste pajasena (<em>Ailanthus altissima<\/em>). U sklopu terenskih aktivnosti, stru\u010dnjaci \u0107e prikupiti i analizirati podatke i procijeniti utjecaj projekta na razli\u010dita stani\u0161ta, opra\u0161iva\u010de i bioraznolikost tla.\u00a0<\/p><p>Ako volite boraviti u prirodi te \u017eelite upoznati prirodne vrijednosti i kulturnopovijesne znamenitosti na podru\u010dju NP \u201eKrka\u201c, ste\u0107i nove spoznaje o sustavu za\u0161tite prirode i pomo\u0107i u o\u010duvanju bioraznolikosti Parka, prijavite se za volontiranje u NP \u201eKrka\u201c i postanite Krkin \u010duvar stani\u0161ta.<\/p><p><a role=\"link\" href=\"https:\/\/www.npkrka.hr\/wp-content\/uploads\/Volonterski-program-Cuvar-stanista-1.docx\">Volonterski program \u010cuvar stani\u0161ta<\/a><\/p><p><a role=\"link\" href=\"https:\/\/forms.gle\/adoCzhNY9KLEZjrE7\">PRIJAVNICA VOLONTERSKI PROGRAM \u010cUVAR STANI\u0160TA<\/a><\/p>\t\t\t\t\t\t\t\t<\/div>\n\t\t\t\t<\/div>\n\t\t\t\t\t<\/div>\n\t\t<\/div>\n\t\t\t\t\t<\/div>\n\t\t<\/section>\n\t\t\t\t\t<\/div>\n\t\t<\/div>\n\t\t\t\t\t<\/div>\n\t\t<\/section>\n\t\t\t\t<\/div>","protected":false},"excerpt":{"rendered":"<p>Program volonterstva u 2024.g. \u00a0 Volonterski program \u010cuvar stani\u0161ta otvoren je za prijave. Prijavi se na volonterski program u NP \u201eKrka\u201c od 2. do 11. rujna 2024. i postani Krkin \u010duvar stani\u0161ta Cilj volonterskog programa \u201e\u010cuvar stani\u0161ta autohtonih vrsta\u201c je uklanjanje pajasena, invazivne vrste koja prijeti autohtonim vrstama na podru\u010dju NP \u201eKrka\u201c, i osvje\u0161tavanje lokalnog [&hellip;]<\/p>\n","protected":false},"author":1,"featured_media":0,"parent":0,"menu_order":0,"comment_status":"closed","ping_status":"closed","template":"","meta":{"_acf_changed":false,"footnotes":""},"class_list":["post-8202","page","type-page","status-publish","hentry","entry"],"acf":[],"_links":{"self":[{"href":"https:\/\/nepoznata-krka.eu\/en\/wp-json\/wp\/v2\/pages\/8202","targetHints":{"allow":["GET"]}}],"collection":[{"href":"https:\/\/nepoznata-krka.eu\/en\/wp-json\/wp\/v2\/pages"}],"about":[{"href":"https:\/\/nepoznata-krka.eu\/en\/wp-json\/wp\/v2\/types\/page"}],"author":[{"embeddable":true,"href":"https:\/\/nepoznata-krka.eu\/en\/wp-json\/wp\/v2\/users\/1"}],"replies":[{"embeddable":true,"href":"https:\/\/nepoznata-krka.eu\/en\/wp-json\/wp\/v2\/comments?post=8202"}],"version-history":[{"count":10,"href":"https:\/\/nepoznata-krka.eu\/en\/wp-json\/wp\/v2\/pages\/8202\/revisions"}],"predecessor-version":[{"id":8223,"href":"https:\/\/nepoznata-krka.eu\/en\/wp-json\/wp\/v2\/pages\/8202\/revisions\/8223"}],"wp:attachment":[{"href":"https:\/\/nepoznata-krka.eu\/en\/wp-json\/wp\/v2\/media?parent=8202"}],"curies":[{"name":"wp","href":"https:\/\/api.w.org\/{rel}","templated":true}]}}